{"id":29,"date":"2021-01-12T16:32:00","date_gmt":"2021-01-12T15:32:00","guid":{"rendered":"http:\/\/seamtech.be\/?page_id=29"},"modified":"2021-01-12T23:03:22","modified_gmt":"2021-01-12T22:03:22","slug":"a-propos-de","status":"publish","type":"page","link":"https:\/\/seamtech.be\/index.php\/a-propos-de\/","title":{"rendered":"Comp\u00e9tences"},"content":{"rendered":"\n<div class=\"wp-block-group\"><div class=\"wp-block-group__inner-container\">\n<div class=\"wp-block-columns\">\n<div class=\"wp-block-column\">\n<h3 class=\"has-text-align-center has-neve-text-color-color has-neve-link-hover-color-background-color has-text-color has-background\" style=\"font-size:28px\">Electricit\u00e9 Domestique<\/h3>\n\n\n\n<figure class=\"wp-block-gallery columns-3 is-cropped\"><ul class=\"blocks-gallery-grid\"><li class=\"blocks-gallery-item\"><figure><img loading=\"lazy\" width=\"300\" height=\"225\" src=\"http:\/\/seamtech.be\/wp-content\/uploads\/2021\/01\/IMG_3599-300x225.jpg\" alt=\"\" data-id=\"89\" data-link=\"http:\/\/seamtech.be\/index.php\/a-propos-de\/img_3599\/\" class=\"wp-image-89\" srcset=\"https:\/\/seamtech.be\/wp-content\/uploads\/2021\/01\/IMG_3599-300x225.jpg 300w, https:\/\/seamtech.be\/wp-content\/uploads\/2021\/01\/IMG_3599-1024x768.jpg 1024w, https:\/\/seamtech.be\/wp-content\/uploads\/2021\/01\/IMG_3599-768x576.jpg 768w, https:\/\/seamtech.be\/wp-content\/uploads\/2021\/01\/IMG_3599-1536x1152.jpg 1536w, https:\/\/seamtech.be\/wp-content\/uploads\/2021\/01\/IMG_3599-2048x1536.jpg 2048w\" sizes=\"(max-width: 300px) 100vw, 300px\" \/><\/figure><\/li><li class=\"blocks-gallery-item\"><figure><img loading=\"lazy\" width=\"300\" height=\"225\" src=\"http:\/\/seamtech.be\/wp-content\/uploads\/2021\/01\/17309886_1851872921719411_322514098965418249_n-300x225.jpg\" alt=\"\" data-id=\"83\" data-link=\"http:\/\/seamtech.be\/index.php\/a-propos-de\/17309886_1851872921719411_322514098965418249_n\/\" class=\"wp-image-83\" srcset=\"https:\/\/seamtech.be\/wp-content\/uploads\/2021\/01\/17309886_1851872921719411_322514098965418249_n-300x225.jpg 300w, https:\/\/seamtech.be\/wp-content\/uploads\/2021\/01\/17309886_1851872921719411_322514098965418249_n-768x576.jpg 768w, https:\/\/seamtech.be\/wp-content\/uploads\/2021\/01\/17309886_1851872921719411_322514098965418249_n.jpg 960w\" sizes=\"(max-width: 300px) 100vw, 300px\" \/><\/figure><\/li><li class=\"blocks-gallery-item\"><figure><img loading=\"lazy\" width=\"225\" height=\"300\" src=\"http:\/\/seamtech.be\/wp-content\/uploads\/2021\/01\/95217745_520511241954864_1530762817156677632_n-225x300.jpg\" alt=\"\" data-id=\"87\" data-link=\"http:\/\/seamtech.be\/index.php\/a-propos-de\/95217745_520511241954864_1530762817156677632_n\/\" class=\"wp-image-87\" srcset=\"https:\/\/seamtech.be\/wp-content\/uploads\/2021\/01\/95217745_520511241954864_1530762817156677632_n-225x300.jpg 225w, https:\/\/seamtech.be\/wp-content\/uploads\/2021\/01\/95217745_520511241954864_1530762817156677632_n-768x1024.jpg 768w, https:\/\/seamtech.be\/wp-content\/uploads\/2021\/01\/95217745_520511241954864_1530762817156677632_n-1152x1536.jpg 1152w, https:\/\/seamtech.be\/wp-content\/uploads\/2021\/01\/95217745_520511241954864_1530762817156677632_n.jpg 1536w\" sizes=\"(max-width: 225px) 100vw, 225px\" \/><\/figure><\/li><li class=\"blocks-gallery-item\"><figure><img loading=\"lazy\" width=\"300\" height=\"225\" src=\"http:\/\/seamtech.be\/wp-content\/uploads\/2021\/01\/IMG_4273-300x225.jpg\" alt=\"\" data-id=\"117\" data-link=\"http:\/\/seamtech.be\/index.php\/a-propos-de\/img_4273\/\" class=\"wp-image-117\" srcset=\"https:\/\/seamtech.be\/wp-content\/uploads\/2021\/01\/IMG_4273-300x225.jpg 300w, https:\/\/seamtech.be\/wp-content\/uploads\/2021\/01\/IMG_4273-1024x768.jpg 1024w, https:\/\/seamtech.be\/wp-content\/uploads\/2021\/01\/IMG_4273-768x576.jpg 768w, https:\/\/seamtech.be\/wp-content\/uploads\/2021\/01\/IMG_4273-1536x1152.jpg 1536w, https:\/\/seamtech.be\/wp-content\/uploads\/2021\/01\/IMG_4273.jpg 2048w\" sizes=\"(max-width: 300px) 100vw, 300px\" \/><\/figure><\/li><li class=\"blocks-gallery-item\"><figure><img loading=\"lazy\" width=\"300\" height=\"225\" src=\"http:\/\/seamtech.be\/wp-content\/uploads\/2021\/01\/IMG_4276-300x225.jpg\" alt=\"\" data-id=\"118\" data-link=\"http:\/\/seamtech.be\/index.php\/a-propos-de\/img_4276\/\" class=\"wp-image-118\" srcset=\"https:\/\/seamtech.be\/wp-content\/uploads\/2021\/01\/IMG_4276-300x225.jpg 300w, https:\/\/seamtech.be\/wp-content\/uploads\/2021\/01\/IMG_4276-768x576.jpg 768w, https:\/\/seamtech.be\/wp-content\/uploads\/2021\/01\/IMG_4276.jpg 960w\" sizes=\"(max-width: 300px) 100vw, 300px\" \/><\/figure><\/li><li class=\"blocks-gallery-item\"><figure><img loading=\"lazy\" width=\"300\" height=\"225\" src=\"http:\/\/seamtech.be\/wp-content\/uploads\/2021\/01\/IMG_5022-300x225.jpg\" alt=\"\" data-id=\"119\" data-full-url=\"http:\/\/seamtech.be\/wp-content\/uploads\/2021\/01\/IMG_5022-scaled.jpg\" data-link=\"http:\/\/seamtech.be\/index.php\/a-propos-de\/img_5022\/\" class=\"wp-image-119\" srcset=\"https:\/\/seamtech.be\/wp-content\/uploads\/2021\/01\/IMG_5022-300x225.jpg 300w, https:\/\/seamtech.be\/wp-content\/uploads\/2021\/01\/IMG_5022-1024x768.jpg 1024w, https:\/\/seamtech.be\/wp-content\/uploads\/2021\/01\/IMG_5022-768x576.jpg 768w, https:\/\/seamtech.be\/wp-content\/uploads\/2021\/01\/IMG_5022-1536x1152.jpg 1536w, https:\/\/seamtech.be\/wp-content\/uploads\/2021\/01\/IMG_5022-2048x1536.jpg 2048w\" sizes=\"(max-width: 300px) 100vw, 300px\" \/><\/figure><\/li><\/ul><\/figure>\n\n\n\n<p>Nouvelle construction ou r\u00e9novation,  nous sommes \u00e0 votre disposition pour vous conseiller. <\/p>\n\n\n\n<ul><li>Mise en conformit\u00e9<\/li><li>Domotique <\/li><li>Contr\u00f4le d&#8217;acc\u00e8s <\/li><li>Eclairage <\/li><\/ul>\n\n\n\n<div class=\"wp-block-buttons\">\n<div class=\"wp-block-button is-style-primary\"><a class=\"wp-block-button__link\">Learn More<\/a><\/div>\n<\/div>\n\n\n\n<p><\/p>\n<\/div>\n\n\n\n<div class=\"wp-block-column\">\n<h3 class=\"has-text-align-center has-neve-link-hover-color-background-color has-background\" style=\"font-size:29px\"><strong>Electricit\u00e9 Industrielle<\/strong><\/h3>\n\n\n\n<figure class=\"wp-block-gallery columns-3 is-cropped\"><ul class=\"blocks-gallery-grid\"><li class=\"blocks-gallery-item\"><figure><img loading=\"lazy\" width=\"1024\" height=\"768\" src=\"http:\/\/seamtech.be\/wp-content\/uploads\/2021\/01\/IMG_0745-1024x768.jpg\" alt=\"\" data-id=\"96\" data-link=\"http:\/\/seamtech.be\/index.php\/a-propos-de\/img_0745\/\" class=\"wp-image-96\" srcset=\"https:\/\/seamtech.be\/wp-content\/uploads\/2021\/01\/IMG_0745-1024x768.jpg 1024w, https:\/\/seamtech.be\/wp-content\/uploads\/2021\/01\/IMG_0745-300x225.jpg 300w, https:\/\/seamtech.be\/wp-content\/uploads\/2021\/01\/IMG_0745-768x576.jpg 768w, https:\/\/seamtech.be\/wp-content\/uploads\/2021\/01\/IMG_0745-1536x1152.jpg 1536w, https:\/\/seamtech.be\/wp-content\/uploads\/2021\/01\/IMG_0745-2048x1536.jpg 2048w\" sizes=\"(max-width: 1024px) 100vw, 1024px\" \/><\/figure><\/li><li class=\"blocks-gallery-item\"><figure><img loading=\"lazy\" width=\"768\" height=\"1024\" src=\"http:\/\/seamtech.be\/wp-content\/uploads\/2021\/01\/IMG_0197-768x1024.jpg\" alt=\"\" data-id=\"102\" data-full-url=\"http:\/\/seamtech.be\/wp-content\/uploads\/2021\/01\/IMG_0197-scaled.jpg\" data-link=\"http:\/\/seamtech.be\/index.php\/a-propos-de\/img_0197\/\" class=\"wp-image-102\" srcset=\"https:\/\/seamtech.be\/wp-content\/uploads\/2021\/01\/IMG_0197-768x1024.jpg 768w, https:\/\/seamtech.be\/wp-content\/uploads\/2021\/01\/IMG_0197-225x300.jpg 225w, https:\/\/seamtech.be\/wp-content\/uploads\/2021\/01\/IMG_0197-1152x1536.jpg 1152w, https:\/\/seamtech.be\/wp-content\/uploads\/2021\/01\/IMG_0197-1536x2048.jpg 1536w, https:\/\/seamtech.be\/wp-content\/uploads\/2021\/01\/IMG_0197-scaled.jpg 1920w\" sizes=\"(max-width: 768px) 100vw, 768px\" \/><\/figure><\/li><li class=\"blocks-gallery-item\"><figure><img loading=\"lazy\" width=\"768\" height=\"1024\" src=\"http:\/\/seamtech.be\/wp-content\/uploads\/2021\/01\/IMG_3150-768x1024.jpg\" alt=\"\" data-id=\"98\" data-link=\"http:\/\/seamtech.be\/index.php\/a-propos-de\/img_3150\/\" class=\"wp-image-98\" srcset=\"https:\/\/seamtech.be\/wp-content\/uploads\/2021\/01\/IMG_3150-768x1024.jpg 768w, https:\/\/seamtech.be\/wp-content\/uploads\/2021\/01\/IMG_3150-225x300.jpg 225w, https:\/\/seamtech.be\/wp-content\/uploads\/2021\/01\/IMG_3150-1152x1536.jpg 1152w, https:\/\/seamtech.be\/wp-content\/uploads\/2021\/01\/IMG_3150-1536x2048.jpg 1536w, https:\/\/seamtech.be\/wp-content\/uploads\/2021\/01\/IMG_3150-scaled.jpg 1920w\" sizes=\"(max-width: 768px) 100vw, 768px\" \/><\/figure><\/li><li class=\"blocks-gallery-item\"><figure><img loading=\"lazy\" width=\"768\" height=\"1024\" src=\"http:\/\/seamtech.be\/wp-content\/uploads\/2021\/01\/100523479_275680570235529_5333425096079966208_n-768x1024.jpg\" alt=\"\" data-id=\"95\" class=\"wp-image-95\" srcset=\"https:\/\/seamtech.be\/wp-content\/uploads\/2021\/01\/100523479_275680570235529_5333425096079966208_n-768x1024.jpg 768w, https:\/\/seamtech.be\/wp-content\/uploads\/2021\/01\/100523479_275680570235529_5333425096079966208_n-225x300.jpg 225w, https:\/\/seamtech.be\/wp-content\/uploads\/2021\/01\/100523479_275680570235529_5333425096079966208_n-1152x1536.jpg 1152w, https:\/\/seamtech.be\/wp-content\/uploads\/2021\/01\/100523479_275680570235529_5333425096079966208_n.jpg 1536w\" sizes=\"(max-width: 768px) 100vw, 768px\" \/><\/figure><\/li><li class=\"blocks-gallery-item\"><figure><img loading=\"lazy\" width=\"768\" height=\"1024\" src=\"http:\/\/seamtech.be\/wp-content\/uploads\/2021\/01\/IMG_2493-1-768x1024.jpg\" alt=\"\" data-id=\"100\" data-link=\"http:\/\/seamtech.be\/index.php\/a-propos-de\/img_2493-1\/\" class=\"wp-image-100\" srcset=\"https:\/\/seamtech.be\/wp-content\/uploads\/2021\/01\/IMG_2493-1-768x1024.jpg 768w, https:\/\/seamtech.be\/wp-content\/uploads\/2021\/01\/IMG_2493-1-225x300.jpg 225w, https:\/\/seamtech.be\/wp-content\/uploads\/2021\/01\/IMG_2493-1-1152x1536.jpg 1152w, https:\/\/seamtech.be\/wp-content\/uploads\/2021\/01\/IMG_2493-1-1536x2048.jpg 1536w, https:\/\/seamtech.be\/wp-content\/uploads\/2021\/01\/IMG_2493-1-scaled.jpg 1920w\" sizes=\"(max-width: 768px) 100vw, 768px\" \/><\/figure><\/li><\/ul><\/figure>\n\n\n\n<p>A l&#8217;\u00e9coute des entreprise, nous mettons nos comp\u00e9tences \u00e0 votre service dans les domaines<\/p>\n\n\n\n<ul><li>Coffrets industriels<\/li><li>Modification\/fiabilisation<\/li><li>Automates Programmables<\/li><li>Variateurs de fr\u00e9quences<\/li><\/ul>\n\n\n\n<div class=\"wp-block-buttons\">\n<div class=\"wp-block-button is-style-primary\"><a class=\"wp-block-button__link\">LEARN MORE<\/a><\/div>\n<\/div>\n<\/div>\n\n\n\n<div class=\"wp-block-column\">\n<h3 class=\"has-text-align-center has-neve-link-hover-color-background-color has-background\" style=\"font-size:29px\"><strong>Audiovisuel <\/strong><\/h3>\n\n\n\n<figure class=\"wp-block-gallery columns-3 is-cropped\"><ul class=\"blocks-gallery-grid\"><li class=\"blocks-gallery-item\"><figure><img loading=\"lazy\" width=\"720\" height=\"960\" src=\"http:\/\/seamtech.be\/wp-content\/uploads\/2021\/01\/89268751_2500446736862023_2631134490658865152_n.jpg\" alt=\"\" data-id=\"106\" data-full-url=\"http:\/\/seamtech.be\/wp-content\/uploads\/2021\/01\/89268751_2500446736862023_2631134490658865152_n.jpg\" data-link=\"http:\/\/seamtech.be\/index.php\/a-propos-de\/89268751_2500446736862023_2631134490658865152_n\/\" class=\"wp-image-106\" srcset=\"https:\/\/seamtech.be\/wp-content\/uploads\/2021\/01\/89268751_2500446736862023_2631134490658865152_n.jpg 720w, https:\/\/seamtech.be\/wp-content\/uploads\/2021\/01\/89268751_2500446736862023_2631134490658865152_n-225x300.jpg 225w\" sizes=\"(max-width: 720px) 100vw, 720px\" \/><\/figure><\/li><li class=\"blocks-gallery-item\"><figure><img loading=\"lazy\" width=\"768\" height=\"1024\" src=\"http:\/\/seamtech.be\/wp-content\/uploads\/2021\/01\/95369853_356470931977780_8429451661516210176_n-768x1024.jpg\" alt=\"\" data-id=\"107\" data-full-url=\"http:\/\/seamtech.be\/wp-content\/uploads\/2021\/01\/95369853_356470931977780_8429451661516210176_n.jpg\" data-link=\"http:\/\/seamtech.be\/index.php\/a-propos-de\/95369853_356470931977780_8429451661516210176_n\/\" class=\"wp-image-107\" srcset=\"https:\/\/seamtech.be\/wp-content\/uploads\/2021\/01\/95369853_356470931977780_8429451661516210176_n-768x1024.jpg 768w, https:\/\/seamtech.be\/wp-content\/uploads\/2021\/01\/95369853_356470931977780_8429451661516210176_n-225x300.jpg 225w, https:\/\/seamtech.be\/wp-content\/uploads\/2021\/01\/95369853_356470931977780_8429451661516210176_n-1152x1536.jpg 1152w, https:\/\/seamtech.be\/wp-content\/uploads\/2021\/01\/95369853_356470931977780_8429451661516210176_n.jpg 1536w\" sizes=\"(max-width: 768px) 100vw, 768px\" \/><\/figure><\/li><li class=\"blocks-gallery-item\"><figure><img loading=\"lazy\" width=\"768\" height=\"1024\" src=\"http:\/\/seamtech.be\/wp-content\/uploads\/2021\/01\/IMG_4092-768x1024.jpg\" alt=\"\" data-id=\"108\" data-full-url=\"http:\/\/seamtech.be\/wp-content\/uploads\/2021\/01\/IMG_4092-scaled.jpg\" data-link=\"http:\/\/seamtech.be\/index.php\/a-propos-de\/img_4092\/\" class=\"wp-image-108\" srcset=\"https:\/\/seamtech.be\/wp-content\/uploads\/2021\/01\/IMG_4092-768x1024.jpg 768w, https:\/\/seamtech.be\/wp-content\/uploads\/2021\/01\/IMG_4092-225x300.jpg 225w, https:\/\/seamtech.be\/wp-content\/uploads\/2021\/01\/IMG_4092-1152x1536.jpg 1152w, https:\/\/seamtech.be\/wp-content\/uploads\/2021\/01\/IMG_4092-1536x2048.jpg 1536w, https:\/\/seamtech.be\/wp-content\/uploads\/2021\/01\/IMG_4092-scaled.jpg 1920w\" sizes=\"(max-width: 768px) 100vw, 768px\" \/><\/figure><\/li><li class=\"blocks-gallery-item\"><figure><img loading=\"lazy\" width=\"768\" height=\"1024\" src=\"http:\/\/seamtech.be\/wp-content\/uploads\/2021\/01\/IMG_4287-768x1024.jpg\" alt=\"\" data-id=\"109\" data-full-url=\"http:\/\/seamtech.be\/wp-content\/uploads\/2021\/01\/IMG_4287-scaled.jpg\" data-link=\"http:\/\/seamtech.be\/index.php\/a-propos-de\/img_4287\/\" class=\"wp-image-109\" srcset=\"https:\/\/seamtech.be\/wp-content\/uploads\/2021\/01\/IMG_4287-768x1024.jpg 768w, https:\/\/seamtech.be\/wp-content\/uploads\/2021\/01\/IMG_4287-225x300.jpg 225w, https:\/\/seamtech.be\/wp-content\/uploads\/2021\/01\/IMG_4287-1152x1536.jpg 1152w, https:\/\/seamtech.be\/wp-content\/uploads\/2021\/01\/IMG_4287-1536x2048.jpg 1536w, https:\/\/seamtech.be\/wp-content\/uploads\/2021\/01\/IMG_4287-scaled.jpg 1920w\" sizes=\"(max-width: 768px) 100vw, 768px\" \/><\/figure><\/li><li class=\"blocks-gallery-item\"><figure><img loading=\"lazy\" width=\"768\" height=\"1024\" src=\"http:\/\/seamtech.be\/wp-content\/uploads\/2021\/01\/IMG_4578-768x1024.jpg\" alt=\"\" data-id=\"110\" data-full-url=\"http:\/\/seamtech.be\/wp-content\/uploads\/2021\/01\/IMG_4578-scaled.jpg\" data-link=\"http:\/\/seamtech.be\/index.php\/a-propos-de\/img_4578\/\" class=\"wp-image-110\" srcset=\"https:\/\/seamtech.be\/wp-content\/uploads\/2021\/01\/IMG_4578-768x1024.jpg 768w, https:\/\/seamtech.be\/wp-content\/uploads\/2021\/01\/IMG_4578-225x300.jpg 225w, https:\/\/seamtech.be\/wp-content\/uploads\/2021\/01\/IMG_4578-1152x1536.jpg 1152w, https:\/\/seamtech.be\/wp-content\/uploads\/2021\/01\/IMG_4578-1536x2048.jpg 1536w, https:\/\/seamtech.be\/wp-content\/uploads\/2021\/01\/IMG_4578-scaled.jpg 1920w\" sizes=\"(max-width: 768px) 100vw, 768px\" \/><\/figure><\/li><\/ul><\/figure>\n\n\n\n<p>Vous voulez \u00e9quiper vos salles de r\u00e9unions, vos \u00e9tablissements scolaires, votre commerce d&#8217;audiovisuel ? n&#8217;h\u00e9sitez pas \u00e0 demander conseil ! <\/p>\n\n\n\n<ul><li>Projecteurs<\/li><li>Ecrans \/ TV<\/li><li>Sonorisation \/ audio<\/li><li>Visioconf\u00e9rence<\/li><\/ul>\n\n\n\n<div class=\"wp-block-buttons\">\n<div class=\"wp-block-button is-style-primary\"><a class=\"wp-block-button__link\">LEARN MORE<\/a><\/div>\n<\/div>\n<\/div>\n<\/div>\n\n\n\n<p><\/p>\n<\/div><\/div>\n","protected":false},"excerpt":{"rendered":"","protected":false},"author":1,"featured_media":0,"parent":0,"menu_order":0,"comment_status":"closed","ping_status":"closed","template":"","meta":{"neve_meta_sidebar":"","neve_meta_container":"","neve_meta_enable_content_width":"","neve_meta_content_width":0,"neve_meta_title_alignment":"","neve_meta_author_avatar":"","neve_post_elements_order":"","neve_meta_disable_header":"","neve_meta_disable_footer":"","neve_meta_disable_title":""},"_links":{"self":[{"href":"https:\/\/seamtech.be\/index.php\/wp-json\/wp\/v2\/pages\/29"}],"collection":[{"href":"https:\/\/seamtech.be\/index.php\/wp-json\/wp\/v2\/pages"}],"about":[{"href":"https:\/\/seamtech.be\/index.php\/wp-json\/wp\/v2\/types\/page"}],"author":[{"embeddable":true,"href":"https:\/\/seamtech.be\/index.php\/wp-json\/wp\/v2\/users\/1"}],"replies":[{"embeddable":true,"href":"https:\/\/seamtech.be\/index.php\/wp-json\/wp\/v2\/comments?post=29"}],"version-history":[{"count":12,"href":"https:\/\/seamtech.be\/index.php\/wp-json\/wp\/v2\/pages\/29\/revisions"}],"predecessor-version":[{"id":120,"href":"https:\/\/seamtech.be\/index.php\/wp-json\/wp\/v2\/pages\/29\/revisions\/120"}],"wp:attachment":[{"href":"https:\/\/seamtech.be\/index.php\/wp-json\/wp\/v2\/media?parent=29"}],"curies":[{"name":"wp","href":"https:\/\/api.w.org\/{rel}","templated":true}]}}